{"id":136,"date":"2018-03-05T15:00:39","date_gmt":"2018-03-05T14:00:39","guid":{"rendered":"http:\/\/127.0.0.1:4001\/wordpress\/?page_id=136"},"modified":"2020-06-23T16:37:39","modified_gmt":"2020-06-23T14:37:39","slug":"about","status":"publish","type":"page","link":"http:\/\/malori.org\/fr\/about\/","title":{"rendered":"A propos"},"content":{"rendered":"<div class=\"twttr_buttons\"><div class=\"twttr_twitter\">\n\t\t\t\t\t<a href=\"http:\/\/twitter.com\/share?text=A+propos\" class=\"twitter-share-button\" data-via=\"\" data-hashtags=\"\"  data-size=\"default\" data-url=\"http:\/\/malori.org\"  data-related=\"\" target=\"_blank\">Tweet<\/a>\n\t\t\t\t<\/div><div class=\"twttr_followme\">\n\t\t\t\t\t\t<a href=\"https:\/\/twitter.com\/T0nT0nTrader\" class=\"twitter-follow-button\" data-size=\"default\"  data-show-screen-name=\"true\"  target=\"_blank\">Suivez-moi<\/a>\n\t\t\t\t\t<\/div><\/div><p>Je suis un trader priv\u00e9 travaillant quotidiennement sur les march\u00e9s et j&rsquo;\u00e9cris\u00a0des syst\u00e8mes automatis\u00e9s avec l&rsquo;id\u00e9e de permettre \u00e0 chacun d&rsquo;intervenir sur le march\u00e9 sans forc\u00e9ment avoir de connaissances de ce milieu si particulier&#8230;et pi\u00e9geux.<\/p>\n<p>T0nT0nTrader.<\/p>\n","protected":false},"excerpt":{"rendered":"<p>Je suis un trader priv\u00e9 travaillant quotidiennement sur les march\u00e9s et j&rsquo;\u00e9cris\u00a0des syst\u00e8mes automatis\u00e9s avec l&rsquo;id\u00e9e de permettre \u00e0 chacun d&rsquo;intervenir sur le march\u00e9 sans forc\u00e9ment avoir de connaissances de ce milieu si particulier&#8230;et pi\u00e9geux. T0nT0nTrader.<\/p>\n","protected":false},"author":1,"featured_media":0,"parent":0,"menu_order":0,"comment_status":"open","ping_status":"open","template":"","meta":{"om_disable_all_campaigns":false,"_monsterinsights_skip_tracking":false,"_monsterinsights_sitenote_active":false,"_monsterinsights_sitenote_note":"","_monsterinsights_sitenote_category":0,"jetpack_post_was_ever_published":false,"footnotes":"","_locale":"fr_FR","_original_post":"54"},"aioseo_notices":[],"jetpack_sharing_enabled":false,"jetpack_shortlink":"https:\/\/wp.me\/P8CBYv-2c","jetpack_likes_enabled":true,"post_mailing_queue_ids":[],"_links":{"self":[{"href":"http:\/\/malori.org\/wp-json\/wp\/v2\/pages\/136"}],"collection":[{"href":"http:\/\/malori.org\/wp-json\/wp\/v2\/pages"}],"about":[{"href":"http:\/\/malori.org\/wp-json\/wp\/v2\/types\/page"}],"author":[{"embeddable":true,"href":"http:\/\/malori.org\/wp-json\/wp\/v2\/users\/1"}],"replies":[{"embeddable":true,"href":"http:\/\/malori.org\/wp-json\/wp\/v2\/comments?post=136"}],"version-history":[{"count":3,"href":"http:\/\/malori.org\/wp-json\/wp\/v2\/pages\/136\/revisions"}],"predecessor-version":[{"id":56021,"href":"http:\/\/malori.org\/wp-json\/wp\/v2\/pages\/136\/revisions\/56021"}],"wp:attachment":[{"href":"http:\/\/malori.org\/wp-json\/wp\/v2\/media?parent=136"}],"curies":[{"name":"wp","href":"https:\/\/api.w.org\/{rel}","templated":true}]}}